{"id":2624,"date":"2019-12-01T06:05:19","date_gmt":"2019-12-01T06:05:19","guid":{"rendered":"https:\/\/x-theme.net\/avas-cleaning-services\/?page_id=2624"},"modified":"2021-03-09T13:27:14","modified_gmt":"2021-03-09T13:27:14","slug":"solicite-servicio","status":"publish","type":"page","link":"https:\/\/drservicios.es\/?page_id=2624","title":{"rendered":"Solicite Servicio"},"content":{"rendered":"\t\t<div data-elementor-type=\"wp-page\" data-elementor-id=\"2624\" class=\"elementor elementor-2624\">\n\t\t\t\t\t\t<section class=\"elementor-section elementor-top-section elementor-element elementor-element-2bd27d6f elementor-section-boxed elementor-section-height-default elementor-section-height-default\" data-id=\"2bd27d6f\" data-element_type=\"section\">\n\t\t\t\t\t\t<div class=\"elementor-container elementor-column-gap-default\">\n\t\t\t\t\t<div class=\"elementor-column elementor-col-100 elementor-top-column elementor-element elementor-element-5ea20afc\" data-id=\"5ea20afc\" data-element_type=\"column\">\n\t\t\t<div class=\"elementor-widget-wrap elementor-element-populated\">\n\t\t\t\t\t\t<div class=\"elementor-element elementor-element-9ecd38c elementor-widget elementor-widget-text-editor\" data-id=\"9ecd38c\" data-element_type=\"widget\" data-widget_type=\"text-editor.default\">\n\t\t\t\t<div class=\"elementor-widget-container\">\n\t\t\t\t\t\t\t<h2>Solicite un Servicio<\/h2><p>Complete el formulario y nos contactaremos para ofrecerle la mejor atenci\u00f3n<\/p><p><!-- tx-hd-wrap --><br \/>\n<div class=\"wpcf7 no-js\" id=\"wpcf7-f2626-o1\" lang=\"en-US\" dir=\"ltr\">\n<div class=\"screen-reader-response\"><p role=\"status\" aria-live=\"polite\" aria-atomic=\"true\"><\/p> <ul><\/ul><\/div>\n<form action=\"\/index.php?rest_route=%2Fwp%2Fv2%2Fpages%2F2624#wpcf7-f2626-o1\" method=\"post\" class=\"wpcf7-form init\" aria-label=\"Contact form\" novalidate=\"novalidate\" data-status=\"init\">\n<div style=\"display: none;\">\n<input type=\"hidden\" name=\"_wpcf7\" value=\"2626\" \/>\n<input type=\"hidden\" name=\"_wpcf7_version\" value=\"5.9.8\" \/>\n<input type=\"hidden\" name=\"_wpcf7_locale\" value=\"en_US\" \/>\n<input type=\"hidden\" name=\"_wpcf7_unit_tag\" value=\"wpcf7-f2626-o1\" \/>\n<input type=\"hidden\" name=\"_wpcf7_container_post\" value=\"0\" \/>\n<input type=\"hidden\" name=\"_wpcf7_posted_data_hash\" value=\"\" \/>\n<\/div>\n<div class=\"row\">\n\t<div class=\"col-xs-12 col-sm-12 col-md-12 col-lg-12\">\n\t\t<div class=\"space-20\">\n\t\t\t<p><span class=\"wpcf7-form-control-wrap\" data-name=\"cw-name\"><input size=\"40\" maxlength=\"400\" class=\"wpcf7-form-control wpcf7-text wpcf7-validates-as-required\" aria-required=\"true\" aria-invalid=\"false\" placeholder=\"Su Nombre\" value=\"\" type=\"text\" name=\"cw-name\" \/><\/span>\n\t\t\t<\/p>\n\t\t<\/div>\n\t<\/div>\n\t<div class=\"col-xs-12 col-sm-12 col-md-12 col-lg-12\">\n\t\t<div class=\"space-20\">\n\t\t\t<p><span class=\"wpcf7-form-control-wrap\" data-name=\"cw-email\"><input size=\"40\" maxlength=\"400\" class=\"wpcf7-form-control wpcf7-email wpcf7-validates-as-required wpcf7-text wpcf7-validates-as-email\" aria-required=\"true\" aria-invalid=\"false\" placeholder=\"Su correo\" value=\"\" type=\"email\" name=\"cw-email\" \/><\/span>\n\t\t\t<\/p>\n\t\t<\/div>\n\t<\/div>\n\t<div class=\"col-xs-12 col-sm-6 col-md-6 col-lg-6\">\n\t\t<div class=\"space-20\">\n\t\t\t<p><span class=\"wpcf7-form-control-wrap\" data-name=\"tel-797\"><input size=\"40\" maxlength=\"400\" class=\"wpcf7-form-control wpcf7-tel wpcf7-text wpcf7-validates-as-tel\" aria-invalid=\"false\" placeholder=\"Su tel\u00e9fono\" value=\"\" type=\"tel\" name=\"tel-797\" \/><\/span>\n\t\t\t<\/p>\n\t\t<\/div>\n\t<\/div>\n\t<div class=\"col-xs-12 col-sm-6 col-md-6 col-lg-6\">\n\t\t<p><span class=\"wpcf7-form-control-wrap\" data-name=\"cw-date\"><input class=\"wpcf7-form-control wpcf7-date wpcf7-validates-as-required wpcf7-validates-as-date unstyled\" aria-required=\"true\" aria-invalid=\"false\" placeholder=\"D\u00eda\" value=\"\" type=\"date\" name=\"cw-date\" \/><\/span>\n\t\t<\/p>\n\t<\/div>\n\t<div class=\"col-xs-12 col-sm-6 col-md-6 col-lg-6\">\n\t\t<div class=\"space-20\">\n\t\t\t<p><span class=\"wpcf7-form-control-wrap\" data-name=\"cw-time\"><select class=\"wpcf7-form-control wpcf7-select wpcf7-validates-as-required\" aria-required=\"true\" aria-invalid=\"false\" name=\"cw-time\"><option value=\"7:00 AM\">7:00 AM<\/option><option value=\"8:00 AM\">8:00 AM<\/option><option value=\"9:00 AM\">9:00 AM<\/option><option value=\"10:00 AM\">10:00 AM<\/option><option value=\"11:00 AM\">11:00 AM<\/option><option value=\"12:00 AM\">12:00 AM<\/option><option value=\"1:00 PM\">1:00 PM<\/option><option value=\"2:00 PM\">2:00 PM<\/option><option value=\"3:00 PM\">3:00 PM<\/option><option value=\"4:00 PM\">4:00 PM<\/option><option value=\"5:00 PM\">5:00 PM<\/option><option value=\"6:00 PM\">6:00 PM<\/option><option value=\"7:00 PM\">7:00 PM<\/option><option value=\"8:00 PM\">8:00 PM<\/option><option value=\"9:00 PM\">9:00 PM<\/option><option value=\"10:00 PM\">10:00 PM<\/option><\/select><\/span>\n\t\t\t<\/p>\n\t\t<\/div>\n\t<\/div>\n\t<div class=\"col-xs-12 col-sm-6 col-md-6 col-lg-6\">\n\t\t<p><input class=\"wpcf7-form-control wpcf7-submit has-spinner\" type=\"submit\" value=\"ENVIAR\" \/>\n\t\t<\/p>\n\t<\/div>\n<\/div><p style=\"display: none !important;\" class=\"akismet-fields-container\" data-prefix=\"_wpcf7_ak_\"><label>&#916;<textarea name=\"_wpcf7_ak_hp_textarea\" cols=\"45\" rows=\"8\" maxlength=\"100\"><\/textarea><\/label><input type=\"hidden\" id=\"ak_js_1\" name=\"_wpcf7_ak_js\" value=\"231\"\/><script>document.getElementById( \"ak_js_1\" ).setAttribute( \"value\", ( new Date() ).getTime() );<\/script><\/p><div class=\"wpcf7-response-output\" aria-hidden=\"true\"><\/div>\n<\/form>\n<\/div>\n<\/p><h2>Nosotros<\/h2><p>Tamb\u00eden puede llamarnos para un presupuesto personalizado.<\/p><p><!-- tx-hd-wrap --><\/p><ul><li>Avda del Bierzo 55, Arroyo de la Miel, M\u00e1laga<\/li><li>616 110 248\u00a0<\/li><li>658 923 603<\/li><li>drservicios7173@gmail.com<\/li><li>Lunes &#8211; S\u00e1bados: 8:00 &#8211; 20:00 hs<\/li><li>Domingos: Cerrado<\/li><\/ul>\t\t\t\t\t\t<\/div>\n\t\t\t\t<\/div>\n\t\t\t\t\t<\/div>\n\t\t<\/div>\n\t\t\t\t\t<\/div>\n\t\t<\/section>\n\t\t\t\t<\/div>\n\t\t","protected":false},"excerpt":{"rendered":"<p class=\"tx-excerpt\">Solicite un Servicio Complete el formulario y nos contactaremos para ofrecerle la mejor atenci\u00f3n Nosotros Tamb\u00eden puede llamarnos para un presupuesto personalizado. Avda del Bierzo 55, Arroyo de la Miel, M\u00e1laga 616 110<div class=\"tx-read-more\"><a href=\"https:\/\/drservicios.es\/?page_id=2624\">Ver M\u00e1s<\/a><\/div>","protected":false},"author":1,"featured_media":0,"parent":0,"menu_order":0,"comment_status":"closed","ping_status":"closed","template":"templates\/blank.php","meta":{"footnotes":""},"class_list":["post-2624","page","type-page","status-publish","hentry"],"_links":{"self":[{"href":"https:\/\/drservicios.es\/index.php?rest_route=\/wp\/v2\/pages\/2624","targetHints":{"allow":["GET"]}}],"collection":[{"href":"https:\/\/drservicios.es\/index.php?rest_route=\/wp\/v2\/pages"}],"about":[{"href":"https:\/\/drservicios.es\/index.php?rest_route=\/wp\/v2\/types\/page"}],"author":[{"embeddable":true,"href":"https:\/\/drservicios.es\/index.php?rest_route=\/wp\/v2\/users\/1"}],"replies":[{"embeddable":true,"href":"https:\/\/drservicios.es\/index.php?rest_route=%2Fwp%2Fv2%2Fcomments&post=2624"}],"version-history":[{"count":4,"href":"https:\/\/drservicios.es\/index.php?rest_route=\/wp\/v2\/pages\/2624\/revisions"}],"predecessor-version":[{"id":2743,"href":"https:\/\/drservicios.es\/index.php?rest_route=\/wp\/v2\/pages\/2624\/revisions\/2743"}],"wp:attachment":[{"href":"https:\/\/drservicios.es\/index.php?rest_route=%2Fwp%2Fv2%2Fmedia&parent=2624"}],"curies":[{"name":"wp","href":"https:\/\/api.w.org\/{rel}","templated":true}]}}