{"id":2661,"date":"2019-11-30T13:53:59","date_gmt":"2019-11-30T13:53:59","guid":{"rendered":"https:\/\/x-theme.net\/avas-cleaning-services\/?page_id=9"},"modified":"2021-03-09T13:00:26","modified_gmt":"2021-03-09T13:00:26","slug":"nosotros","status":"publish","type":"page","link":"https:\/\/drservicios.es\/?page_id=2661","title":{"rendered":"Nosotros"},"content":{"rendered":"\t\t<div data-elementor-type=\"wp-page\" data-elementor-id=\"2661\" class=\"elementor elementor-2661\">\n\t\t\t\t\t\t<section class=\"elementor-section elementor-top-section elementor-element elementor-element-4434733e elementor-section-boxed elementor-section-height-default elementor-section-height-default\" data-id=\"4434733e\" data-element_type=\"section\">\n\t\t\t\t\t\t<div class=\"elementor-container elementor-column-gap-default\">\n\t\t\t\t\t<div class=\"elementor-column elementor-col-100 elementor-top-column elementor-element elementor-element-7be1b6dd\" data-id=\"7be1b6dd\" data-element_type=\"column\">\n\t\t\t<div class=\"elementor-widget-wrap elementor-element-populated\">\n\t\t\t\t\t\t<div class=\"elementor-element elementor-element-6da02ffd elementor-widget elementor-widget-text-editor\" data-id=\"6da02ffd\" data-element_type=\"widget\" data-widget_type=\"text-editor.default\">\n\t\t\t\t<div class=\"elementor-widget-container\">\n\t\t\t\t\t\t\t<h2>Quienes Somos<\/h2><section data-id=\"3a56338f\" data-element_type=\"section\"><p>En DR Multiservicios llevamos 5 a\u00f1os ofreciendo soluciones profesionales de limpieza.\u00a0<\/p><p>Somos conscientes de la importancia que la higiene representa para mantener o mejorar la calidad del entorno que nos rodea, por ello estudiamos las necesidades de limpieza para tratar de ofrecer un alto grado de satisfacci\u00f3n mediante el plan de actuaci\u00f3n que recoger\u00e1 los m\u00e9todos de trabajo, sistemas de control, m\u00e1quinas, productos, personal, as\u00ed como otros aspectos que consideramos importantes para este estudio.<\/p><p>Trabajamos para clientes particulares,\u00a0organismos p\u00fablicos, grandes superficies, hospitales, etc. Cumplimos con puntualidad los plazos y fechas de realizaci\u00f3n de cada uno de nuestros servicios.<br \/><br \/>\u00a0Antes de contratar tu servicio de limpieza con otra empresa, ll\u00e1manos. No tienes nada que perder y s\u00ed mucho que ganar.<br \/><br \/><b>Solicita presupuesto sin compromiso.<\/b><br \/><br \/>1.- Escribe tu mensaje y recuerda incluir un tel\u00e9fono de contacto para poder atenderte de manera personalizada.<br \/><br \/>2.- Te enviamos un presupuesto.<br \/><br \/>3.- Env\u00edanos el presupuesto aceptado y empezaremos a trabajar de inmediato.<\/p>.<\/section><section data-id=\"1428957\" data-element_type=\"section\">\u00a0<\/section><p><!-- tx-hd-wrap --><br \/><img fetchpriority=\"high\" decoding=\"async\" src=\"https:\/\/drservicios.es\/wp-content\/uploads\/2019\/12\/about-us.jpg\" sizes=\"(max-width: 750px) 100vw, 750px\" srcset=\"https:\/\/drservicios.es\/wp-content\/uploads\/2019\/12\/about-us.jpg 750w, https:\/\/drservicios.es\/wp-content\/uploads\/2019\/12\/about-us-300x168.jpg 300w\" alt=\"\" width=\"750\" height=\"420\" \/><\/p><h2>Que Hacemos<\/h2><section data-id=\"3a56338f\" data-element_type=\"section\">Trabajos de Limpieza<\/section><section data-id=\"3a56338f\" data-element_type=\"section\">Trabajos de Jardiner\u00eda<\/section><section data-id=\"3a56338f\" data-element_type=\"section\">Trabajos de Fontaner\u00eda\u00a0<\/section><section data-id=\"3a56338f\" data-element_type=\"section\">Trabajos de Pinturas<\/section><section data-id=\"3a56338f\" data-element_type=\"section\"><\/section><section data-id=\"3a56338f\" data-element_type=\"section\"><\/section>\t\t\t\t\t\t<\/div>\n\t\t\t\t<\/div>\n\t\t\t\t\t<\/div>\n\t\t<\/div>\n\t\t\t\t\t<\/div>\n\t\t<\/section>\n\t\t\t\t<\/div>\n\t\t","protected":false},"excerpt":{"rendered":"<p class=\"tx-excerpt\">Quienes Somos En DR Multiservicios llevamos 5 a\u00f1os ofreciendo soluciones profesionales de limpieza.\u00a0 Somos conscientes de la importancia que la higiene representa para mantener o mejorar la calidad del entorno que nos rodea,<div class=\"tx-read-more\"><a href=\"https:\/\/drservicios.es\/?page_id=2661\">Ver M\u00e1s<\/a><\/div>","protected":false},"author":1,"featured_media":0,"parent":0,"menu_order":0,"comment_status":"closed","ping_status":"closed","template":"templates\/blank.php","meta":{"footnotes":""},"class_list":["post-2661","page","type-page","status-publish","hentry"],"_links":{"self":[{"href":"https:\/\/drservicios.es\/index.php?rest_route=\/wp\/v2\/pages\/2661","targetHints":{"allow":["GET"]}}],"collection":[{"href":"https:\/\/drservicios.es\/index.php?rest_route=\/wp\/v2\/pages"}],"about":[{"href":"https:\/\/drservicios.es\/index.php?rest_route=\/wp\/v2\/types\/page"}],"author":[{"embeddable":true,"href":"https:\/\/drservicios.es\/index.php?rest_route=\/wp\/v2\/users\/1"}],"replies":[{"embeddable":true,"href":"https:\/\/drservicios.es\/index.php?rest_route=%2Fwp%2Fv2%2Fcomments&post=2661"}],"version-history":[{"count":4,"href":"https:\/\/drservicios.es\/index.php?rest_route=\/wp\/v2\/pages\/2661\/revisions"}],"predecessor-version":[{"id":2729,"href":"https:\/\/drservicios.es\/index.php?rest_route=\/wp\/v2\/pages\/2661\/revisions\/2729"}],"wp:attachment":[{"href":"https:\/\/drservicios.es\/index.php?rest_route=%2Fwp%2Fv2%2Fmedia&parent=2661"}],"curies":[{"name":"wp","href":"https:\/\/api.w.org\/{rel}","templated":true}]}}